{"id":13,"date":"2021-05-19T23:03:44","date_gmt":"2021-05-19T20:03:44","guid":{"rendered":"https:\/\/ozguraytekin.net\/tr\/?page_id=13"},"modified":"2022-04-10T05:36:33","modified_gmt":"2022-04-10T02:36:33","slug":"ozgur-aytekin","status":"publish","type":"page","link":"https:\/\/ozguraytekin.net\/tr\/","title":{"rendered":"Anasayfa"},"content":{"rendered":"\n<p class=\"has-text-align-center\" style=\"font-size:30px\"><strong>Siteme Ho\u015fgeldiniz<\/strong><\/p>\n\n\n\n<div style=\"text-align: justify;\"><p><font face=\"tahoma\"><font size=\"4\"> Bu site gitar \u00e7almay\u0131 \u00f6\u011frenmek veya gitar \u00e7alma becerilerini geli\u015ftirmek isteyenler i\u00e7in haz\u0131rlanm\u0131\u015ft\u0131r .. Sorunuz mu var? E-posta adresimden bana ula\u015fmaktan \u00e7ekinmeyin. <\/font><\/font><\/p><\/div>\n\n\n\n<p><\/p>\n","protected":false},"excerpt":{"rendered":"<p>Siteme Ho\u015fgeldiniz Bu site gitar \u00e7almay\u0131 \u00f6\u011frenmek veya gitar \u00e7alma becerilerini geli\u015ftirmek isteyenler i\u00e7in haz\u0131rlanm\u0131\u015ft\u0131r .. Sorunuz mu var? E-posta adresimden bana ula\u015fmaktan \u00e7ekinmeyin.<\/p>\n","protected":false},"author":1,"featured_media":0,"parent":0,"menu_order":0,"comment_status":"closed","ping_status":"closed","template":"","meta":{"footnotes":""},"yoast_head":"<!-- This site is optimized with the Yoast SEO plugin v21.5 - https:\/\/yoast.com\/wordpress\/plugins\/seo\/ -->\n<title>Anasayfa - \u00d6zg\u00fcr Aytekin<\/title>\n<meta name=\"description\" content=\"\u00d6zg\u00fcr Aytekin Website - Gitarist &amp; M\u00fczisyen.. Gitar dersleri Gitar kitaplar\u0131 ve Ses dosyalar\u0131.. Bu site gitar \u00e7almay\u0131 \u00f6\u011frenmek veya gitar \u00e7alma becerilerini geli\u015ftirmek isteyenler i\u00e7in haz\u0131rlanm\u0131\u015ft\u0131r .. Sorunuz mu var? E-posta adresimden bana ula\u015fmaktan \u00e7ekinmeyin.\" \/>\n<meta name=\"robots\" content=\"index, follow, max-snippet:-1, max-image-preview:large, max-video-preview:-1\" \/>\n<link rel=\"canonical\" href=\"https:\/\/ozguraytekin.net\/tr\/\" \/>\n<meta property=\"og:locale\" content=\"tr_TR\" \/>\n<meta property=\"og:type\" content=\"article\" \/>\n<meta property=\"og:title\" content=\"Anasayfa - \u00d6zg\u00fcr Aytekin\" \/>\n<meta property=\"og:description\" content=\"\u00d6zg\u00fcr Aytekin Website - Gitarist &amp; M\u00fczisyen.. Gitar dersleri Gitar kitaplar\u0131 ve Ses dosyalar\u0131.. Bu site gitar \u00e7almay\u0131 \u00f6\u011frenmek veya gitar \u00e7alma becerilerini geli\u015ftirmek isteyenler i\u00e7in haz\u0131rlanm\u0131\u015ft\u0131r .. Sorunuz mu var? E-posta adresimden bana ula\u015fmaktan \u00e7ekinmeyin.\" \/>\n<meta property=\"og:url\" content=\"https:\/\/ozguraytekin.net\/tr\/\" \/>\n<meta property=\"og:site_name\" content=\"\u00d6zg\u00fcr Aytekin\" \/>\n<meta property=\"article:modified_time\" content=\"2022-04-10T02:36:33+00:00\" \/>\n<meta name=\"twitter:card\" content=\"summary_large_image\" \/>\n<meta name=\"twitter:label1\" content=\"Tahmini okuma s\u00fcresi\" \/>\n\t<meta name=\"twitter:data1\" content=\"1 dakika\" \/>\n<script type=\"application\/ld+json\" class=\"yoast-schema-graph\">{\"@context\":\"https:\/\/schema.org\",\"@graph\":[{\"@type\":\"WebPage\",\"@id\":\"https:\/\/ozguraytekin.net\/tr\/\",\"url\":\"https:\/\/ozguraytekin.net\/tr\/\",\"name\":\"Anasayfa - \u00d6zg\u00fcr Aytekin\",\"isPartOf\":{\"@id\":\"https:\/\/ozguraytekin.net\/tr\/#website\"},\"datePublished\":\"2021-05-19T20:03:44+00:00\",\"dateModified\":\"2022-04-10T02:36:33+00:00\",\"description\":\"\u00d6zg\u00fcr Aytekin Website - Gitarist & M\u00fczisyen.. Gitar dersleri Gitar kitaplar\u0131 ve Ses dosyalar\u0131.. Bu site gitar \u00e7almay\u0131 \u00f6\u011frenmek veya gitar \u00e7alma becerilerini geli\u015ftirmek isteyenler i\u00e7in haz\u0131rlanm\u0131\u015ft\u0131r .. Sorunuz mu var? E-posta adresimden bana ula\u015fmaktan \u00e7ekinmeyin.\",\"breadcrumb\":{\"@id\":\"https:\/\/ozguraytekin.net\/tr\/#breadcrumb\"},\"inLanguage\":\"tr\",\"potentialAction\":[{\"@type\":\"ReadAction\",\"target\":[\"https:\/\/ozguraytekin.net\/tr\/\"]}]},{\"@type\":\"BreadcrumbList\",\"@id\":\"https:\/\/ozguraytekin.net\/tr\/#breadcrumb\",\"itemListElement\":[{\"@type\":\"ListItem\",\"position\":1,\"name\":\"Anasayfa\",\"item\":\"https:\/\/ozguraytekin.net\/tr\/\"},{\"@type\":\"ListItem\",\"position\":2,\"name\":\"Anasayfa\"}]},{\"@type\":\"WebSite\",\"@id\":\"https:\/\/ozguraytekin.net\/tr\/#website\",\"url\":\"https:\/\/ozguraytekin.net\/tr\/\",\"name\":\"\u00d6zg\u00fcr Aytekin\",\"description\":\"Gitarist &amp; M\u00fczisyen\",\"publisher\":{\"@id\":\"https:\/\/ozguraytekin.net\/tr\/#\/schema\/person\/e241b6aef4f5153bdd073dc5d00bf7e8\"},\"potentialAction\":[{\"@type\":\"SearchAction\",\"target\":{\"@type\":\"EntryPoint\",\"urlTemplate\":\"https:\/\/ozguraytekin.net\/tr\/?s={search_term_string}\"},\"query-input\":\"required name=search_term_string\"}],\"inLanguage\":\"tr\"},{\"@type\":[\"Person\",\"Organization\"],\"@id\":\"https:\/\/ozguraytekin.net\/tr\/#\/schema\/person\/e241b6aef4f5153bdd073dc5d00bf7e8\",\"name\":\"\u00d6zg\u00fcr Aytekin\",\"image\":{\"@type\":\"ImageObject\",\"inLanguage\":\"tr\",\"@id\":\"https:\/\/ozguraytekin.net\/tr\/#\/schema\/person\/image\/\",\"url\":\"https:\/\/ozguraytekin.net\/tr\/wp-content\/uploads\/2021\/05\/icontr.jpg\",\"contentUrl\":\"https:\/\/ozguraytekin.net\/tr\/wp-content\/uploads\/2021\/05\/icontr.jpg\",\"width\":512,\"height\":171,\"caption\":\"\u00d6zg\u00fcr Aytekin\"},\"logo\":{\"@id\":\"https:\/\/ozguraytekin.net\/tr\/#\/schema\/person\/image\/\"},\"sameAs\":[\"https:\/\/ozguraytekin.net\/tr\",\"http:\/\/www.instagram.com\/ozguraytekinguitar\"]}]}<\/script>\n<!-- \/ Yoast SEO plugin. -->","yoast_head_json":{"title":"Anasayfa - \u00d6zg\u00fcr Aytekin","description":"\u00d6zg\u00fcr Aytekin Website - Gitarist & M\u00fczisyen.. Gitar dersleri Gitar kitaplar\u0131 ve Ses dosyalar\u0131.. Bu site gitar \u00e7almay\u0131 \u00f6\u011frenmek veya gitar \u00e7alma becerilerini geli\u015ftirmek isteyenler i\u00e7in haz\u0131rlanm\u0131\u015ft\u0131r .. Sorunuz mu var? E-posta adresimden bana ula\u015fmaktan \u00e7ekinmeyin.","robots":{"index":"index","follow":"follow","max-snippet":"max-snippet:-1","max-image-preview":"max-image-preview:large","max-video-preview":"max-video-preview:-1"},"canonical":"https:\/\/ozguraytekin.net\/tr\/","og_locale":"tr_TR","og_type":"article","og_title":"Anasayfa - \u00d6zg\u00fcr Aytekin","og_description":"\u00d6zg\u00fcr Aytekin Website - Gitarist & M\u00fczisyen.. Gitar dersleri Gitar kitaplar\u0131 ve Ses dosyalar\u0131.. Bu site gitar \u00e7almay\u0131 \u00f6\u011frenmek veya gitar \u00e7alma becerilerini geli\u015ftirmek isteyenler i\u00e7in haz\u0131rlanm\u0131\u015ft\u0131r .. Sorunuz mu var? E-posta adresimden bana ula\u015fmaktan \u00e7ekinmeyin.","og_url":"https:\/\/ozguraytekin.net\/tr\/","og_site_name":"\u00d6zg\u00fcr Aytekin","article_modified_time":"2022-04-10T02:36:33+00:00","twitter_card":"summary_large_image","twitter_misc":{"Tahmini okuma s\u00fcresi":"1 dakika"},"schema":{"@context":"https:\/\/schema.org","@graph":[{"@type":"WebPage","@id":"https:\/\/ozguraytekin.net\/tr\/","url":"https:\/\/ozguraytekin.net\/tr\/","name":"Anasayfa - \u00d6zg\u00fcr Aytekin","isPartOf":{"@id":"https:\/\/ozguraytekin.net\/tr\/#website"},"datePublished":"2021-05-19T20:03:44+00:00","dateModified":"2022-04-10T02:36:33+00:00","description":"\u00d6zg\u00fcr Aytekin Website - Gitarist & M\u00fczisyen.. Gitar dersleri Gitar kitaplar\u0131 ve Ses dosyalar\u0131.. Bu site gitar \u00e7almay\u0131 \u00f6\u011frenmek veya gitar \u00e7alma becerilerini geli\u015ftirmek isteyenler i\u00e7in haz\u0131rlanm\u0131\u015ft\u0131r .. Sorunuz mu var? E-posta adresimden bana ula\u015fmaktan \u00e7ekinmeyin.","breadcrumb":{"@id":"https:\/\/ozguraytekin.net\/tr\/#breadcrumb"},"inLanguage":"tr","potentialAction":[{"@type":"ReadAction","target":["https:\/\/ozguraytekin.net\/tr\/"]}]},{"@type":"BreadcrumbList","@id":"https:\/\/ozguraytekin.net\/tr\/#breadcrumb","itemListElement":[{"@type":"ListItem","position":1,"name":"Anasayfa","item":"https:\/\/ozguraytekin.net\/tr\/"},{"@type":"ListItem","position":2,"name":"Anasayfa"}]},{"@type":"WebSite","@id":"https:\/\/ozguraytekin.net\/tr\/#website","url":"https:\/\/ozguraytekin.net\/tr\/","name":"\u00d6zg\u00fcr Aytekin","description":"Gitarist &amp; M\u00fczisyen","publisher":{"@id":"https:\/\/ozguraytekin.net\/tr\/#\/schema\/person\/e241b6aef4f5153bdd073dc5d00bf7e8"},"potentialAction":[{"@type":"SearchAction","target":{"@type":"EntryPoint","urlTemplate":"https:\/\/ozguraytekin.net\/tr\/?s={search_term_string}"},"query-input":"required name=search_term_string"}],"inLanguage":"tr"},{"@type":["Person","Organization"],"@id":"https:\/\/ozguraytekin.net\/tr\/#\/schema\/person\/e241b6aef4f5153bdd073dc5d00bf7e8","name":"\u00d6zg\u00fcr Aytekin","image":{"@type":"ImageObject","inLanguage":"tr","@id":"https:\/\/ozguraytekin.net\/tr\/#\/schema\/person\/image\/","url":"https:\/\/ozguraytekin.net\/tr\/wp-content\/uploads\/2021\/05\/icontr.jpg","contentUrl":"https:\/\/ozguraytekin.net\/tr\/wp-content\/uploads\/2021\/05\/icontr.jpg","width":512,"height":171,"caption":"\u00d6zg\u00fcr Aytekin"},"logo":{"@id":"https:\/\/ozguraytekin.net\/tr\/#\/schema\/person\/image\/"},"sameAs":["https:\/\/ozguraytekin.net\/tr","http:\/\/www.instagram.com\/ozguraytekinguitar"]}]}},"_links":{"self":[{"href":"https:\/\/ozguraytekin.net\/tr\/wp-json\/wp\/v2\/pages\/13"}],"collection":[{"href":"https:\/\/ozguraytekin.net\/tr\/wp-json\/wp\/v2\/pages"}],"about":[{"href":"https:\/\/ozguraytekin.net\/tr\/wp-json\/wp\/v2\/types\/page"}],"author":[{"embeddable":true,"href":"https:\/\/ozguraytekin.net\/tr\/wp-json\/wp\/v2\/users\/1"}],"replies":[{"embeddable":true,"href":"https:\/\/ozguraytekin.net\/tr\/wp-json\/wp\/v2\/comments?post=13"}],"version-history":[{"count":6,"href":"https:\/\/ozguraytekin.net\/tr\/wp-json\/wp\/v2\/pages\/13\/revisions"}],"predecessor-version":[{"id":137,"href":"https:\/\/ozguraytekin.net\/tr\/wp-json\/wp\/v2\/pages\/13\/revisions\/137"}],"wp:attachment":[{"href":"https:\/\/ozguraytekin.net\/tr\/wp-json\/wp\/v2\/media?parent=13"}],"curies":[{"name":"wp","href":"https:\/\/api.w.org\/{rel}","templated":true}]}}