{"id":16,"date":"2021-05-19T23:07:19","date_gmt":"2021-05-19T20:07:19","guid":{"rendered":"https:\/\/ozguraytekin.net\/tr\/?page_id=16"},"modified":"2022-04-10T05:48:11","modified_gmt":"2022-04-10T02:48:11","slug":"hakkinda","status":"publish","type":"page","link":"https:\/\/ozguraytekin.net\/tr\/hakkinda\/","title":{"rendered":"Hakk\u0131nda"},"content":{"rendered":"\n<div style=\"text-align: justify;\"><p> <font face=\"tahoma\"><font size=\"4\"> \u00d6zg\u00fcr Aytekin, 1976 \u0130stanbul do\u011fumludur. 30 y\u0131la yak\u0131n deneyime sahip profesyonel gitarist ve gitar e\u011fitmenidir. \u00c7ocukken, babas\u0131 da gen\u00e7li\u011finde gitarist oldu\u011fu i\u00e7in gitarla tan\u0131\u015ft\u0131. Sonra macera ba\u015flad\u0131 &#8230;<br><br>\nM\u00fczikle ilgilenmeye 80&#8217;li y\u0131llar\u0131n \u015fark\u0131lar\u0131n\u0131 dinleyerek ba\u015flad\u0131. Steve Vai, John Petrucci, Stevie Ray Vaughan, Eddie Van Hallen, Richie Kotzen, Gary Moore, Joe Satriani, Yngwie Malmsteen, Paul Gilbert, Vinnie Moore, Allan Holdsworth ve Frank Gambale gibi gitaristlere \u00f6nem vererek rock, blues ve fusion \u00fczerine odakland\u0131.  Kendisine ilham kayna\u011f\u0131 olan bu m\u00fczisyenleri y\u0131llarca dinledi. Ayr\u0131ca farkl\u0131 tarzdaki m\u00fczik gruplar\u0131nda da \u00e7ald\u0131. <br><br>\n\u015eimdi rock, blues ve f\u00fczyona odaklanmaya devam ediyor. Ba\u015flang\u0131\u00e7 \u200b\u200bseviyesinden ileri seviyeye kadar gitar kitaplar\u0131 haz\u0131rlamaktad\u0131r. Halen \u00e7e\u015fitli m\u00fczik gruplar\u0131nda m\u00fczik kariyerine devam etmektedir.\n<\/font><\/font><\/p><\/div>\n","protected":false},"excerpt":{"rendered":"<p>\u00d6zg\u00fcr Aytekin, 1976 \u0130stanbul do\u011fumludur. 30 y\u0131la yak\u0131n deneyime sahip profesyonel gitarist ve gitar e\u011fitmenidir. \u00c7ocukken, babas\u0131 da gen\u00e7li\u011finde gitarist oldu\u011fu i\u00e7in gitarla tan\u0131\u015ft\u0131. Sonra macera ba\u015flad\u0131 &#8230; M\u00fczikle ilgilenmeye 80&#8217;li y\u0131llar\u0131n \u015fark\u0131lar\u0131n\u0131 dinleyerek ba\u015flad\u0131. Steve Vai, John Petrucci, Stevie&#8230; <a class=\"di-continue-reading\" href=\"https:\/\/ozguraytekin.net\/tr\/hakkinda\/\"> Continue Reading&#8230;<\/a><\/p>\n","protected":false},"author":1,"featured_media":0,"parent":0,"menu_order":0,"comment_status":"closed","ping_status":"closed","template":"","meta":{"footnotes":""},"yoast_head":"<!-- This site is optimized with the Yoast SEO plugin v21.5 - https:\/\/yoast.com\/wordpress\/plugins\/seo\/ -->\n<title>Hakk\u0131nda - \u00d6zg\u00fcr Aytekin<\/title>\n<meta name=\"description\" content=\"M\u00fczikle ilgilenmeye 80&#039;li y\u0131llar\u0131n \u015fark\u0131lar\u0131n\u0131 dinleyerek ba\u015flad\u0131. Steve Vai, John Petrucci, Stevie Ray Vaughan, Eddie Van Hallen, Richie Kotzen, Gary Moore, Joe Satriani, Yngwie Malmsteen, Paul Gilbert, Vinnie Moore, Allan Holdsworth ve Frank Gambale gibi gitaristlere \u00f6nem vererek rock, blues ve fusion \u00fczerine odakland\u0131.\" \/>\n<meta name=\"robots\" content=\"index, follow, max-snippet:-1, max-image-preview:large, max-video-preview:-1\" \/>\n<link rel=\"canonical\" href=\"https:\/\/ozguraytekin.net\/tr\/hakkinda\/\" \/>\n<meta property=\"og:locale\" content=\"tr_TR\" \/>\n<meta property=\"og:type\" content=\"article\" \/>\n<meta property=\"og:title\" content=\"Hakk\u0131nda - \u00d6zg\u00fcr Aytekin\" \/>\n<meta property=\"og:description\" content=\"M\u00fczikle ilgilenmeye 80&#039;li y\u0131llar\u0131n \u015fark\u0131lar\u0131n\u0131 dinleyerek ba\u015flad\u0131. Steve Vai, John Petrucci, Stevie Ray Vaughan, Eddie Van Hallen, Richie Kotzen, Gary Moore, Joe Satriani, Yngwie Malmsteen, Paul Gilbert, Vinnie Moore, Allan Holdsworth ve Frank Gambale gibi gitaristlere \u00f6nem vererek rock, blues ve fusion \u00fczerine odakland\u0131.\" \/>\n<meta property=\"og:url\" content=\"https:\/\/ozguraytekin.net\/tr\/hakkinda\/\" \/>\n<meta property=\"og:site_name\" content=\"\u00d6zg\u00fcr Aytekin\" \/>\n<meta property=\"article:modified_time\" content=\"2022-04-10T02:48:11+00:00\" \/>\n<meta name=\"twitter:card\" content=\"summary_large_image\" \/>\n<meta name=\"twitter:label1\" content=\"Tahmini okuma s\u00fcresi\" \/>\n\t<meta name=\"twitter:data1\" content=\"1 dakika\" \/>\n<script type=\"application\/ld+json\" class=\"yoast-schema-graph\">{\"@context\":\"https:\/\/schema.org\",\"@graph\":[{\"@type\":\"WebPage\",\"@id\":\"https:\/\/ozguraytekin.net\/tr\/hakkinda\/\",\"url\":\"https:\/\/ozguraytekin.net\/tr\/hakkinda\/\",\"name\":\"Hakk\u0131nda - \u00d6zg\u00fcr Aytekin\",\"isPartOf\":{\"@id\":\"https:\/\/ozguraytekin.net\/tr\/#website\"},\"datePublished\":\"2021-05-19T20:07:19+00:00\",\"dateModified\":\"2022-04-10T02:48:11+00:00\",\"description\":\"M\u00fczikle ilgilenmeye 80'li y\u0131llar\u0131n \u015fark\u0131lar\u0131n\u0131 dinleyerek ba\u015flad\u0131. Steve Vai, John Petrucci, Stevie Ray Vaughan, Eddie Van Hallen, Richie Kotzen, Gary Moore, Joe Satriani, Yngwie Malmsteen, Paul Gilbert, Vinnie Moore, Allan Holdsworth ve Frank Gambale gibi gitaristlere \u00f6nem vererek rock, blues ve fusion \u00fczerine odakland\u0131.\",\"breadcrumb\":{\"@id\":\"https:\/\/ozguraytekin.net\/tr\/hakkinda\/#breadcrumb\"},\"inLanguage\":\"tr\",\"potentialAction\":[{\"@type\":\"ReadAction\",\"target\":[\"https:\/\/ozguraytekin.net\/tr\/hakkinda\/\"]}]},{\"@type\":\"BreadcrumbList\",\"@id\":\"https:\/\/ozguraytekin.net\/tr\/hakkinda\/#breadcrumb\",\"itemListElement\":[{\"@type\":\"ListItem\",\"position\":1,\"name\":\"Anasayfa\",\"item\":\"https:\/\/ozguraytekin.net\/tr\/\"},{\"@type\":\"ListItem\",\"position\":2,\"name\":\"Hakk\u0131nda\"}]},{\"@type\":\"WebSite\",\"@id\":\"https:\/\/ozguraytekin.net\/tr\/#website\",\"url\":\"https:\/\/ozguraytekin.net\/tr\/\",\"name\":\"\u00d6zg\u00fcr Aytekin\",\"description\":\"Gitarist &amp; M\u00fczisyen\",\"publisher\":{\"@id\":\"https:\/\/ozguraytekin.net\/tr\/#\/schema\/person\/e241b6aef4f5153bdd073dc5d00bf7e8\"},\"potentialAction\":[{\"@type\":\"SearchAction\",\"target\":{\"@type\":\"EntryPoint\",\"urlTemplate\":\"https:\/\/ozguraytekin.net\/tr\/?s={search_term_string}\"},\"query-input\":\"required name=search_term_string\"}],\"inLanguage\":\"tr\"},{\"@type\":[\"Person\",\"Organization\"],\"@id\":\"https:\/\/ozguraytekin.net\/tr\/#\/schema\/person\/e241b6aef4f5153bdd073dc5d00bf7e8\",\"name\":\"\u00d6zg\u00fcr Aytekin\",\"image\":{\"@type\":\"ImageObject\",\"inLanguage\":\"tr\",\"@id\":\"https:\/\/ozguraytekin.net\/tr\/#\/schema\/person\/image\/\",\"url\":\"https:\/\/ozguraytekin.net\/tr\/wp-content\/uploads\/2021\/05\/icontr.jpg\",\"contentUrl\":\"https:\/\/ozguraytekin.net\/tr\/wp-content\/uploads\/2021\/05\/icontr.jpg\",\"width\":512,\"height\":171,\"caption\":\"\u00d6zg\u00fcr Aytekin\"},\"logo\":{\"@id\":\"https:\/\/ozguraytekin.net\/tr\/#\/schema\/person\/image\/\"},\"sameAs\":[\"https:\/\/ozguraytekin.net\/tr\",\"http:\/\/www.instagram.com\/ozguraytekinguitar\"]}]}<\/script>\n<!-- \/ Yoast SEO plugin. -->","yoast_head_json":{"title":"Hakk\u0131nda - \u00d6zg\u00fcr Aytekin","description":"M\u00fczikle ilgilenmeye 80'li y\u0131llar\u0131n \u015fark\u0131lar\u0131n\u0131 dinleyerek ba\u015flad\u0131. Steve Vai, John Petrucci, Stevie Ray Vaughan, Eddie Van Hallen, Richie Kotzen, Gary Moore, Joe Satriani, Yngwie Malmsteen, Paul Gilbert, Vinnie Moore, Allan Holdsworth ve Frank Gambale gibi gitaristlere \u00f6nem vererek rock, blues ve fusion \u00fczerine odakland\u0131.","robots":{"index":"index","follow":"follow","max-snippet":"max-snippet:-1","max-image-preview":"max-image-preview:large","max-video-preview":"max-video-preview:-1"},"canonical":"https:\/\/ozguraytekin.net\/tr\/hakkinda\/","og_locale":"tr_TR","og_type":"article","og_title":"Hakk\u0131nda - \u00d6zg\u00fcr Aytekin","og_description":"M\u00fczikle ilgilenmeye 80'li y\u0131llar\u0131n \u015fark\u0131lar\u0131n\u0131 dinleyerek ba\u015flad\u0131. Steve Vai, John Petrucci, Stevie Ray Vaughan, Eddie Van Hallen, Richie Kotzen, Gary Moore, Joe Satriani, Yngwie Malmsteen, Paul Gilbert, Vinnie Moore, Allan Holdsworth ve Frank Gambale gibi gitaristlere \u00f6nem vererek rock, blues ve fusion \u00fczerine odakland\u0131.","og_url":"https:\/\/ozguraytekin.net\/tr\/hakkinda\/","og_site_name":"\u00d6zg\u00fcr Aytekin","article_modified_time":"2022-04-10T02:48:11+00:00","twitter_card":"summary_large_image","twitter_misc":{"Tahmini okuma s\u00fcresi":"1 dakika"},"schema":{"@context":"https:\/\/schema.org","@graph":[{"@type":"WebPage","@id":"https:\/\/ozguraytekin.net\/tr\/hakkinda\/","url":"https:\/\/ozguraytekin.net\/tr\/hakkinda\/","name":"Hakk\u0131nda - \u00d6zg\u00fcr Aytekin","isPartOf":{"@id":"https:\/\/ozguraytekin.net\/tr\/#website"},"datePublished":"2021-05-19T20:07:19+00:00","dateModified":"2022-04-10T02:48:11+00:00","description":"M\u00fczikle ilgilenmeye 80'li y\u0131llar\u0131n \u015fark\u0131lar\u0131n\u0131 dinleyerek ba\u015flad\u0131. Steve Vai, John Petrucci, Stevie Ray Vaughan, Eddie Van Hallen, Richie Kotzen, Gary Moore, Joe Satriani, Yngwie Malmsteen, Paul Gilbert, Vinnie Moore, Allan Holdsworth ve Frank Gambale gibi gitaristlere \u00f6nem vererek rock, blues ve fusion \u00fczerine odakland\u0131.","breadcrumb":{"@id":"https:\/\/ozguraytekin.net\/tr\/hakkinda\/#breadcrumb"},"inLanguage":"tr","potentialAction":[{"@type":"ReadAction","target":["https:\/\/ozguraytekin.net\/tr\/hakkinda\/"]}]},{"@type":"BreadcrumbList","@id":"https:\/\/ozguraytekin.net\/tr\/hakkinda\/#breadcrumb","itemListElement":[{"@type":"ListItem","position":1,"name":"Anasayfa","item":"https:\/\/ozguraytekin.net\/tr\/"},{"@type":"ListItem","position":2,"name":"Hakk\u0131nda"}]},{"@type":"WebSite","@id":"https:\/\/ozguraytekin.net\/tr\/#website","url":"https:\/\/ozguraytekin.net\/tr\/","name":"\u00d6zg\u00fcr Aytekin","description":"Gitarist &amp; M\u00fczisyen","publisher":{"@id":"https:\/\/ozguraytekin.net\/tr\/#\/schema\/person\/e241b6aef4f5153bdd073dc5d00bf7e8"},"potentialAction":[{"@type":"SearchAction","target":{"@type":"EntryPoint","urlTemplate":"https:\/\/ozguraytekin.net\/tr\/?s={search_term_string}"},"query-input":"required name=search_term_string"}],"inLanguage":"tr"},{"@type":["Person","Organization"],"@id":"https:\/\/ozguraytekin.net\/tr\/#\/schema\/person\/e241b6aef4f5153bdd073dc5d00bf7e8","name":"\u00d6zg\u00fcr Aytekin","image":{"@type":"ImageObject","inLanguage":"tr","@id":"https:\/\/ozguraytekin.net\/tr\/#\/schema\/person\/image\/","url":"https:\/\/ozguraytekin.net\/tr\/wp-content\/uploads\/2021\/05\/icontr.jpg","contentUrl":"https:\/\/ozguraytekin.net\/tr\/wp-content\/uploads\/2021\/05\/icontr.jpg","width":512,"height":171,"caption":"\u00d6zg\u00fcr Aytekin"},"logo":{"@id":"https:\/\/ozguraytekin.net\/tr\/#\/schema\/person\/image\/"},"sameAs":["https:\/\/ozguraytekin.net\/tr","http:\/\/www.instagram.com\/ozguraytekinguitar"]}]}},"_links":{"self":[{"href":"https:\/\/ozguraytekin.net\/tr\/wp-json\/wp\/v2\/pages\/16"}],"collection":[{"href":"https:\/\/ozguraytekin.net\/tr\/wp-json\/wp\/v2\/pages"}],"about":[{"href":"https:\/\/ozguraytekin.net\/tr\/wp-json\/wp\/v2\/types\/page"}],"author":[{"embeddable":true,"href":"https:\/\/ozguraytekin.net\/tr\/wp-json\/wp\/v2\/users\/1"}],"replies":[{"embeddable":true,"href":"https:\/\/ozguraytekin.net\/tr\/wp-json\/wp\/v2\/comments?post=16"}],"version-history":[{"count":6,"href":"https:\/\/ozguraytekin.net\/tr\/wp-json\/wp\/v2\/pages\/16\/revisions"}],"predecessor-version":[{"id":145,"href":"https:\/\/ozguraytekin.net\/tr\/wp-json\/wp\/v2\/pages\/16\/revisions\/145"}],"wp:attachment":[{"href":"https:\/\/ozguraytekin.net\/tr\/wp-json\/wp\/v2\/media?parent=16"}],"curies":[{"name":"wp","href":"https:\/\/api.w.org\/{rel}","templated":true}]}}