{"id":22,"date":"2021-05-19T23:08:59","date_gmt":"2021-05-19T20:08:59","guid":{"rendered":"https:\/\/ozguraytekin.net\/tr\/?page_id=22"},"modified":"2021-05-21T19:52:59","modified_gmt":"2021-05-21T16:52:59","slug":"indir","status":"publish","type":"page","link":"https:\/\/ozguraytekin.net\/tr\/indir\/","title":{"rendered":"\u0130ndir"},"content":{"rendered":"","protected":false},"excerpt":{"rendered":"","protected":false},"author":1,"featured_media":0,"parent":0,"menu_order":0,"comment_status":"closed","ping_status":"closed","template":"","meta":{"footnotes":""},"yoast_head":"<!-- This site is optimized with the Yoast SEO plugin v21.5 - https:\/\/yoast.com\/wordpress\/plugins\/seo\/ -->\n<title>\u0130ndir - \u00d6zg\u00fcr Aytekin<\/title>\n<meta name=\"description\" content=\"Gitar kitaplar\u0131m\u0131n ses dosyalar\u0131..\" \/>\n<meta name=\"robots\" content=\"index, follow, max-snippet:-1, max-image-preview:large, max-video-preview:-1\" \/>\n<link rel=\"canonical\" href=\"https:\/\/ozguraytekin.net\/tr\/indir\/\" \/>\n<meta property=\"og:locale\" content=\"tr_TR\" \/>\n<meta property=\"og:type\" content=\"article\" \/>\n<meta property=\"og:title\" content=\"\u0130ndir - \u00d6zg\u00fcr Aytekin\" \/>\n<meta property=\"og:description\" content=\"Gitar kitaplar\u0131m\u0131n ses dosyalar\u0131..\" \/>\n<meta property=\"og:url\" content=\"https:\/\/ozguraytekin.net\/tr\/indir\/\" \/>\n<meta property=\"og:site_name\" content=\"\u00d6zg\u00fcr Aytekin\" \/>\n<meta property=\"article:modified_time\" content=\"2021-05-21T16:52:59+00:00\" \/>\n<meta name=\"twitter:card\" content=\"summary_large_image\" \/>\n<script type=\"application\/ld+json\" class=\"yoast-schema-graph\">{\"@context\":\"https:\/\/schema.org\",\"@graph\":[{\"@type\":\"WebPage\",\"@id\":\"https:\/\/ozguraytekin.net\/tr\/indir\/\",\"url\":\"https:\/\/ozguraytekin.net\/tr\/indir\/\",\"name\":\"\u0130ndir - \u00d6zg\u00fcr Aytekin\",\"isPartOf\":{\"@id\":\"https:\/\/ozguraytekin.net\/tr\/#website\"},\"datePublished\":\"2021-05-19T20:08:59+00:00\",\"dateModified\":\"2021-05-21T16:52:59+00:00\",\"description\":\"Gitar kitaplar\u0131m\u0131n ses dosyalar\u0131..\",\"breadcrumb\":{\"@id\":\"https:\/\/ozguraytekin.net\/tr\/indir\/#breadcrumb\"},\"inLanguage\":\"tr\",\"potentialAction\":[{\"@type\":\"ReadAction\",\"target\":[\"https:\/\/ozguraytekin.net\/tr\/indir\/\"]}]},{\"@type\":\"BreadcrumbList\",\"@id\":\"https:\/\/ozguraytekin.net\/tr\/indir\/#breadcrumb\",\"itemListElement\":[{\"@type\":\"ListItem\",\"position\":1,\"name\":\"Anasayfa\",\"item\":\"https:\/\/ozguraytekin.net\/tr\/\"},{\"@type\":\"ListItem\",\"position\":2,\"name\":\"\u0130ndir\"}]},{\"@type\":\"WebSite\",\"@id\":\"https:\/\/ozguraytekin.net\/tr\/#website\",\"url\":\"https:\/\/ozguraytekin.net\/tr\/\",\"name\":\"\u00d6zg\u00fcr Aytekin\",\"description\":\"Gitarist &amp; M\u00fczisyen\",\"publisher\":{\"@id\":\"https:\/\/ozguraytekin.net\/tr\/#\/schema\/person\/e241b6aef4f5153bdd073dc5d00bf7e8\"},\"potentialAction\":[{\"@type\":\"SearchAction\",\"target\":{\"@type\":\"EntryPoint\",\"urlTemplate\":\"https:\/\/ozguraytekin.net\/tr\/?s={search_term_string}\"},\"query-input\":\"required name=search_term_string\"}],\"inLanguage\":\"tr\"},{\"@type\":[\"Person\",\"Organization\"],\"@id\":\"https:\/\/ozguraytekin.net\/tr\/#\/schema\/person\/e241b6aef4f5153bdd073dc5d00bf7e8\",\"name\":\"\u00d6zg\u00fcr Aytekin\",\"image\":{\"@type\":\"ImageObject\",\"inLanguage\":\"tr\",\"@id\":\"https:\/\/ozguraytekin.net\/tr\/#\/schema\/person\/image\/\",\"url\":\"https:\/\/ozguraytekin.net\/tr\/wp-content\/uploads\/2021\/05\/icontr.jpg\",\"contentUrl\":\"https:\/\/ozguraytekin.net\/tr\/wp-content\/uploads\/2021\/05\/icontr.jpg\",\"width\":512,\"height\":171,\"caption\":\"\u00d6zg\u00fcr Aytekin\"},\"logo\":{\"@id\":\"https:\/\/ozguraytekin.net\/tr\/#\/schema\/person\/image\/\"},\"sameAs\":[\"https:\/\/ozguraytekin.net\/tr\",\"http:\/\/www.instagram.com\/ozguraytekinguitar\"]}]}<\/script>\n<!-- \/ Yoast SEO plugin. -->","yoast_head_json":{"title":"\u0130ndir - \u00d6zg\u00fcr Aytekin","description":"Gitar kitaplar\u0131m\u0131n ses dosyalar\u0131..","robots":{"index":"index","follow":"follow","max-snippet":"max-snippet:-1","max-image-preview":"max-image-preview:large","max-video-preview":"max-video-preview:-1"},"canonical":"https:\/\/ozguraytekin.net\/tr\/indir\/","og_locale":"tr_TR","og_type":"article","og_title":"\u0130ndir - \u00d6zg\u00fcr Aytekin","og_description":"Gitar kitaplar\u0131m\u0131n ses dosyalar\u0131..","og_url":"https:\/\/ozguraytekin.net\/tr\/indir\/","og_site_name":"\u00d6zg\u00fcr Aytekin","article_modified_time":"2021-05-21T16:52:59+00:00","twitter_card":"summary_large_image","schema":{"@context":"https:\/\/schema.org","@graph":[{"@type":"WebPage","@id":"https:\/\/ozguraytekin.net\/tr\/indir\/","url":"https:\/\/ozguraytekin.net\/tr\/indir\/","name":"\u0130ndir - \u00d6zg\u00fcr Aytekin","isPartOf":{"@id":"https:\/\/ozguraytekin.net\/tr\/#website"},"datePublished":"2021-05-19T20:08:59+00:00","dateModified":"2021-05-21T16:52:59+00:00","description":"Gitar kitaplar\u0131m\u0131n ses dosyalar\u0131..","breadcrumb":{"@id":"https:\/\/ozguraytekin.net\/tr\/indir\/#breadcrumb"},"inLanguage":"tr","potentialAction":[{"@type":"ReadAction","target":["https:\/\/ozguraytekin.net\/tr\/indir\/"]}]},{"@type":"BreadcrumbList","@id":"https:\/\/ozguraytekin.net\/tr\/indir\/#breadcrumb","itemListElement":[{"@type":"ListItem","position":1,"name":"Anasayfa","item":"https:\/\/ozguraytekin.net\/tr\/"},{"@type":"ListItem","position":2,"name":"\u0130ndir"}]},{"@type":"WebSite","@id":"https:\/\/ozguraytekin.net\/tr\/#website","url":"https:\/\/ozguraytekin.net\/tr\/","name":"\u00d6zg\u00fcr Aytekin","description":"Gitarist &amp; M\u00fczisyen","publisher":{"@id":"https:\/\/ozguraytekin.net\/tr\/#\/schema\/person\/e241b6aef4f5153bdd073dc5d00bf7e8"},"potentialAction":[{"@type":"SearchAction","target":{"@type":"EntryPoint","urlTemplate":"https:\/\/ozguraytekin.net\/tr\/?s={search_term_string}"},"query-input":"required name=search_term_string"}],"inLanguage":"tr"},{"@type":["Person","Organization"],"@id":"https:\/\/ozguraytekin.net\/tr\/#\/schema\/person\/e241b6aef4f5153bdd073dc5d00bf7e8","name":"\u00d6zg\u00fcr Aytekin","image":{"@type":"ImageObject","inLanguage":"tr","@id":"https:\/\/ozguraytekin.net\/tr\/#\/schema\/person\/image\/","url":"https:\/\/ozguraytekin.net\/tr\/wp-content\/uploads\/2021\/05\/icontr.jpg","contentUrl":"https:\/\/ozguraytekin.net\/tr\/wp-content\/uploads\/2021\/05\/icontr.jpg","width":512,"height":171,"caption":"\u00d6zg\u00fcr Aytekin"},"logo":{"@id":"https:\/\/ozguraytekin.net\/tr\/#\/schema\/person\/image\/"},"sameAs":["https:\/\/ozguraytekin.net\/tr","http:\/\/www.instagram.com\/ozguraytekinguitar"]}]}},"_links":{"self":[{"href":"https:\/\/ozguraytekin.net\/tr\/wp-json\/wp\/v2\/pages\/22"}],"collection":[{"href":"https:\/\/ozguraytekin.net\/tr\/wp-json\/wp\/v2\/pages"}],"about":[{"href":"https:\/\/ozguraytekin.net\/tr\/wp-json\/wp\/v2\/types\/page"}],"author":[{"embeddable":true,"href":"https:\/\/ozguraytekin.net\/tr\/wp-json\/wp\/v2\/users\/1"}],"replies":[{"embeddable":true,"href":"https:\/\/ozguraytekin.net\/tr\/wp-json\/wp\/v2\/comments?post=22"}],"version-history":[{"count":1,"href":"https:\/\/ozguraytekin.net\/tr\/wp-json\/wp\/v2\/pages\/22\/revisions"}],"predecessor-version":[{"id":23,"href":"https:\/\/ozguraytekin.net\/tr\/wp-json\/wp\/v2\/pages\/22\/revisions\/23"}],"wp:attachment":[{"href":"https:\/\/ozguraytekin.net\/tr\/wp-json\/wp\/v2\/media?parent=22"}],"curies":[{"name":"wp","href":"https:\/\/api.w.org\/{rel}","templated":true}]}}