{"id":24,"date":"2021-05-19T23:09:17","date_gmt":"2021-05-19T20:09:17","guid":{"rendered":"https:\/\/ozguraytekin.net\/tr\/?page_id=24"},"modified":"2022-04-10T05:32:27","modified_gmt":"2022-04-10T02:32:27","slug":"iletisim","status":"publish","type":"page","link":"https:\/\/ozguraytekin.net\/tr\/iletisim\/","title":{"rendered":"\u0130leti\u015fim"},"content":{"rendered":"\n<p class=\"has-text-align-center has-medium-font-size\"><strong>Herhangi bir sorunuz olursa l\u00fctfen bana bildirin.<\/strong><\/p>\n\n\n\n<div class=\"wpcf7 no-js\" id=\"wpcf7-f65-o1\" lang=\"tr-TR\" dir=\"ltr\">\n<div class=\"screen-reader-response\"><p role=\"status\" aria-live=\"polite\" aria-atomic=\"true\"><\/p> <ul><\/ul><\/div>\n<form action=\"\/tr\/wp-json\/wp\/v2\/pages\/24#wpcf7-f65-o1\" method=\"post\" class=\"wpcf7-form init\" aria-label=\"Contact form\" novalidate=\"novalidate\" data-status=\"init\">\n<div style=\"display: none;\">\n<input type=\"hidden\" name=\"_wpcf7\" value=\"65\" \/>\n<input type=\"hidden\" name=\"_wpcf7_version\" value=\"5.8.2\" \/>\n<input type=\"hidden\" name=\"_wpcf7_locale\" value=\"tr_TR\" \/>\n<input type=\"hidden\" name=\"_wpcf7_unit_tag\" value=\"wpcf7-f65-o1\" \/>\n<input type=\"hidden\" name=\"_wpcf7_container_post\" value=\"0\" \/>\n<input type=\"hidden\" name=\"_wpcf7_posted_data_hash\" value=\"\" \/>\n<input type=\"hidden\" name=\"_wpcf7_recaptcha_response\" value=\"\" \/>\n<\/div>\n<p><label> Ad\u0131n\u0131z (Gereklidir)<br \/>\n<span class=\"wpcf7-form-control-wrap\" data-name=\"your-name\"><input size=\"40\" class=\"wpcf7-form-control wpcf7-text wpcf7-validates-as-required\" aria-required=\"true\" aria-invalid=\"false\" value=\"\" type=\"text\" name=\"your-name\" \/><\/span> <\/label>\n<\/p>\n<p><label> E-posta adresiniz (Gereklidir)<br \/>\n<span class=\"wpcf7-form-control-wrap\" data-name=\"your-email\"><input size=\"40\" class=\"wpcf7-form-control wpcf7-email wpcf7-validates-as-required wpcf7-text wpcf7-validates-as-email\" aria-required=\"true\" aria-invalid=\"false\" value=\"\" type=\"email\" name=\"your-email\" \/><\/span> <\/label>\n<\/p>\n<p><label> Konu (Gereklidir)<br \/>\n<span class=\"wpcf7-form-control-wrap\" data-name=\"your-subject\"><input size=\"40\" class=\"wpcf7-form-control wpcf7-text wpcf7-validates-as-required\" aria-required=\"true\" aria-invalid=\"false\" value=\"\" type=\"text\" name=\"your-subject\" \/><\/span> <\/label>\n<\/p>\n<p><label> Mesaj\u0131n\u0131z<br \/>\n<span class=\"wpcf7-form-control-wrap\" data-name=\"your-message\"><textarea cols=\"40\" rows=\"10\" class=\"wpcf7-form-control wpcf7-textarea\" aria-invalid=\"false\" name=\"your-message\"><\/textarea><\/span> <\/label><br \/>\n<label>\n\t\t<font color=\"#ffffff\">Please enter the answer to the question below.\n\t\t<\/font><br \/>\n<span class=\"wpcf7-form-control-wrap\" data-name=\"question\"><label><span class=\"wpcf7-quiz-label\">3+3=?<\/span> <input size=\"40\" class=\"wpcf7-form-control wpcf7-quiz\" autocomplete=\"off\" aria-required=\"true\" aria-invalid=\"false\" type=\"text\" name=\"question\" \/><\/label><input type=\"hidden\" name=\"_wpcf7_quiz_answer_question\" value=\"b4692d21ac599bbdd3c9f9489d4562d0\" \/><\/span><br \/>\n<input class=\"wpcf7-form-control wpcf7-submit has-spinner\" type=\"submit\" value=\"G\u00f6nder\" \/><\/label>\n<\/p><div class=\"wpcf7-response-output\" aria-hidden=\"true\"><\/div>\n<\/form>\n<\/div>\n\n\n\n\n<font face=\"tahoma\"><font size=\"3\">\n<br>\u0130leti\u015fim Bilgileri:<br><br>\nozguraytekinmusic@gmail.com<br>\ncontact@ozguraytekin.net<br><\/font>\n","protected":false},"excerpt":{"rendered":"<p>Herhangi bir sorunuz olursa l\u00fctfen bana bildirin. \u0130leti\u015fim Bilgileri: ozguraytekinmusic@gmail.com contact@ozguraytekin.net<\/p>\n","protected":false},"author":1,"featured_media":0,"parent":0,"menu_order":0,"comment_status":"closed","ping_status":"closed","template":"","meta":{"footnotes":""},"yoast_head":"<!-- This site is optimized with the Yoast SEO plugin v21.5 - https:\/\/yoast.com\/wordpress\/plugins\/seo\/ -->\n<title>\u0130leti\u015fim - \u00d6zg\u00fcr Aytekin<\/title>\n<meta name=\"description\" content=\"Herhangi bir sorunuz olursa l\u00fctfen bana bildirin.\" \/>\n<meta name=\"robots\" content=\"index, follow, max-snippet:-1, max-image-preview:large, max-video-preview:-1\" \/>\n<link rel=\"canonical\" href=\"https:\/\/ozguraytekin.net\/tr\/iletisim\/\" \/>\n<meta property=\"og:locale\" content=\"tr_TR\" \/>\n<meta property=\"og:type\" content=\"article\" \/>\n<meta property=\"og:title\" content=\"\u0130leti\u015fim - \u00d6zg\u00fcr Aytekin\" \/>\n<meta property=\"og:description\" content=\"Herhangi bir sorunuz olursa l\u00fctfen bana bildirin.\" \/>\n<meta property=\"og:url\" content=\"https:\/\/ozguraytekin.net\/tr\/iletisim\/\" \/>\n<meta property=\"og:site_name\" content=\"\u00d6zg\u00fcr Aytekin\" \/>\n<meta property=\"article:modified_time\" content=\"2022-04-10T02:32:27+00:00\" \/>\n<meta name=\"twitter:card\" content=\"summary_large_image\" \/>\n<meta name=\"twitter:label1\" content=\"Tahmini okuma s\u00fcresi\" \/>\n\t<meta name=\"twitter:data1\" content=\"1 dakika\" \/>\n<script type=\"application\/ld+json\" class=\"yoast-schema-graph\">{\"@context\":\"https:\/\/schema.org\",\"@graph\":[{\"@type\":\"WebPage\",\"@id\":\"https:\/\/ozguraytekin.net\/tr\/iletisim\/\",\"url\":\"https:\/\/ozguraytekin.net\/tr\/iletisim\/\",\"name\":\"\u0130leti\u015fim - \u00d6zg\u00fcr Aytekin\",\"isPartOf\":{\"@id\":\"https:\/\/ozguraytekin.net\/tr\/#website\"},\"datePublished\":\"2021-05-19T20:09:17+00:00\",\"dateModified\":\"2022-04-10T02:32:27+00:00\",\"description\":\"Herhangi bir sorunuz olursa l\u00fctfen bana bildirin.\",\"breadcrumb\":{\"@id\":\"https:\/\/ozguraytekin.net\/tr\/iletisim\/#breadcrumb\"},\"inLanguage\":\"tr\",\"potentialAction\":[{\"@type\":\"ReadAction\",\"target\":[\"https:\/\/ozguraytekin.net\/tr\/iletisim\/\"]}]},{\"@type\":\"BreadcrumbList\",\"@id\":\"https:\/\/ozguraytekin.net\/tr\/iletisim\/#breadcrumb\",\"itemListElement\":[{\"@type\":\"ListItem\",\"position\":1,\"name\":\"Anasayfa\",\"item\":\"https:\/\/ozguraytekin.net\/tr\/\"},{\"@type\":\"ListItem\",\"position\":2,\"name\":\"\u0130leti\u015fim\"}]},{\"@type\":\"WebSite\",\"@id\":\"https:\/\/ozguraytekin.net\/tr\/#website\",\"url\":\"https:\/\/ozguraytekin.net\/tr\/\",\"name\":\"\u00d6zg\u00fcr Aytekin\",\"description\":\"Gitarist &amp; M\u00fczisyen\",\"publisher\":{\"@id\":\"https:\/\/ozguraytekin.net\/tr\/#\/schema\/person\/e241b6aef4f5153bdd073dc5d00bf7e8\"},\"potentialAction\":[{\"@type\":\"SearchAction\",\"target\":{\"@type\":\"EntryPoint\",\"urlTemplate\":\"https:\/\/ozguraytekin.net\/tr\/?s={search_term_string}\"},\"query-input\":\"required name=search_term_string\"}],\"inLanguage\":\"tr\"},{\"@type\":[\"Person\",\"Organization\"],\"@id\":\"https:\/\/ozguraytekin.net\/tr\/#\/schema\/person\/e241b6aef4f5153bdd073dc5d00bf7e8\",\"name\":\"\u00d6zg\u00fcr Aytekin\",\"image\":{\"@type\":\"ImageObject\",\"inLanguage\":\"tr\",\"@id\":\"https:\/\/ozguraytekin.net\/tr\/#\/schema\/person\/image\/\",\"url\":\"https:\/\/ozguraytekin.net\/tr\/wp-content\/uploads\/2021\/05\/icontr.jpg\",\"contentUrl\":\"https:\/\/ozguraytekin.net\/tr\/wp-content\/uploads\/2021\/05\/icontr.jpg\",\"width\":512,\"height\":171,\"caption\":\"\u00d6zg\u00fcr Aytekin\"},\"logo\":{\"@id\":\"https:\/\/ozguraytekin.net\/tr\/#\/schema\/person\/image\/\"},\"sameAs\":[\"https:\/\/ozguraytekin.net\/tr\",\"http:\/\/www.instagram.com\/ozguraytekinguitar\"]}]}<\/script>\n<!-- \/ Yoast SEO plugin. -->","yoast_head_json":{"title":"\u0130leti\u015fim - \u00d6zg\u00fcr Aytekin","description":"Herhangi bir sorunuz olursa l\u00fctfen bana bildirin.","robots":{"index":"index","follow":"follow","max-snippet":"max-snippet:-1","max-image-preview":"max-image-preview:large","max-video-preview":"max-video-preview:-1"},"canonical":"https:\/\/ozguraytekin.net\/tr\/iletisim\/","og_locale":"tr_TR","og_type":"article","og_title":"\u0130leti\u015fim - \u00d6zg\u00fcr Aytekin","og_description":"Herhangi bir sorunuz olursa l\u00fctfen bana bildirin.","og_url":"https:\/\/ozguraytekin.net\/tr\/iletisim\/","og_site_name":"\u00d6zg\u00fcr Aytekin","article_modified_time":"2022-04-10T02:32:27+00:00","twitter_card":"summary_large_image","twitter_misc":{"Tahmini okuma s\u00fcresi":"1 dakika"},"schema":{"@context":"https:\/\/schema.org","@graph":[{"@type":"WebPage","@id":"https:\/\/ozguraytekin.net\/tr\/iletisim\/","url":"https:\/\/ozguraytekin.net\/tr\/iletisim\/","name":"\u0130leti\u015fim - \u00d6zg\u00fcr Aytekin","isPartOf":{"@id":"https:\/\/ozguraytekin.net\/tr\/#website"},"datePublished":"2021-05-19T20:09:17+00:00","dateModified":"2022-04-10T02:32:27+00:00","description":"Herhangi bir sorunuz olursa l\u00fctfen bana bildirin.","breadcrumb":{"@id":"https:\/\/ozguraytekin.net\/tr\/iletisim\/#breadcrumb"},"inLanguage":"tr","potentialAction":[{"@type":"ReadAction","target":["https:\/\/ozguraytekin.net\/tr\/iletisim\/"]}]},{"@type":"BreadcrumbList","@id":"https:\/\/ozguraytekin.net\/tr\/iletisim\/#breadcrumb","itemListElement":[{"@type":"ListItem","position":1,"name":"Anasayfa","item":"https:\/\/ozguraytekin.net\/tr\/"},{"@type":"ListItem","position":2,"name":"\u0130leti\u015fim"}]},{"@type":"WebSite","@id":"https:\/\/ozguraytekin.net\/tr\/#website","url":"https:\/\/ozguraytekin.net\/tr\/","name":"\u00d6zg\u00fcr Aytekin","description":"Gitarist &amp; M\u00fczisyen","publisher":{"@id":"https:\/\/ozguraytekin.net\/tr\/#\/schema\/person\/e241b6aef4f5153bdd073dc5d00bf7e8"},"potentialAction":[{"@type":"SearchAction","target":{"@type":"EntryPoint","urlTemplate":"https:\/\/ozguraytekin.net\/tr\/?s={search_term_string}"},"query-input":"required name=search_term_string"}],"inLanguage":"tr"},{"@type":["Person","Organization"],"@id":"https:\/\/ozguraytekin.net\/tr\/#\/schema\/person\/e241b6aef4f5153bdd073dc5d00bf7e8","name":"\u00d6zg\u00fcr Aytekin","image":{"@type":"ImageObject","inLanguage":"tr","@id":"https:\/\/ozguraytekin.net\/tr\/#\/schema\/person\/image\/","url":"https:\/\/ozguraytekin.net\/tr\/wp-content\/uploads\/2021\/05\/icontr.jpg","contentUrl":"https:\/\/ozguraytekin.net\/tr\/wp-content\/uploads\/2021\/05\/icontr.jpg","width":512,"height":171,"caption":"\u00d6zg\u00fcr Aytekin"},"logo":{"@id":"https:\/\/ozguraytekin.net\/tr\/#\/schema\/person\/image\/"},"sameAs":["https:\/\/ozguraytekin.net\/tr","http:\/\/www.instagram.com\/ozguraytekinguitar"]}]}},"_links":{"self":[{"href":"https:\/\/ozguraytekin.net\/tr\/wp-json\/wp\/v2\/pages\/24"}],"collection":[{"href":"https:\/\/ozguraytekin.net\/tr\/wp-json\/wp\/v2\/pages"}],"about":[{"href":"https:\/\/ozguraytekin.net\/tr\/wp-json\/wp\/v2\/types\/page"}],"author":[{"embeddable":true,"href":"https:\/\/ozguraytekin.net\/tr\/wp-json\/wp\/v2\/users\/1"}],"replies":[{"embeddable":true,"href":"https:\/\/ozguraytekin.net\/tr\/wp-json\/wp\/v2\/comments?post=24"}],"version-history":[{"count":11,"href":"https:\/\/ozguraytekin.net\/tr\/wp-json\/wp\/v2\/pages\/24\/revisions"}],"predecessor-version":[{"id":135,"href":"https:\/\/ozguraytekin.net\/tr\/wp-json\/wp\/v2\/pages\/24\/revisions\/135"}],"wp:attachment":[{"href":"https:\/\/ozguraytekin.net\/tr\/wp-json\/wp\/v2\/media?parent=24"}],"curies":[{"name":"wp","href":"https:\/\/api.w.org\/{rel}","templated":true}]}}