{"id":54,"date":"2021-05-20T21:36:45","date_gmt":"2021-05-20T18:36:45","guid":{"rendered":"https:\/\/ozguraytekin.net\/tr\/?page_id=54"},"modified":"2025-01-27T23:05:38","modified_gmt":"2025-01-27T20:05:38","slug":"online-gitar-dersi","status":"publish","type":"page","link":"https:\/\/ozguraytekin.net\/tr\/online-gitar-dersi\/","title":{"rendered":"Online Gitar Dersleri"},"content":{"rendered":"\n<h2 class=\"wp-block-heading has-text-align-center\">ONL\u0130NE G\u0130TAR DERSLER\u0130N\u0130 NASIL YAPIYORUZ?<\/h2>\n\n\n\n<div style=\"text-align: justify;\"><p> <font face=\"tahoma\"><font size=\"4\"> \u00d6\u011fretmen arac\u0131l\u0131\u011f\u0131yla gitar dersi almak, neyi  ne zaman ve nas\u0131l uygulayaca\u011f\u0131n\u0131z\u0131 anlamak i\u00e7in iyi bir yoldur. \nYakla\u015f\u0131k 30 y\u0131ld\u0131r gitar \u00e7al\u0131yorum. Ba\u015flang\u0131\u00e7 seviyesinden orta ve ileri seviye \u00f6\u011frencilerine ve her ya\u015f grubundan \u00f6\u011frencilere ders vermekteyim.<br><br>\nHer gitar \u00e7almay\u0131 \u00f6\u011frenmek isteyen \u00f6\u011frencinin amac\u0131 farkl\u0131l\u0131klar g\u00f6sterebiliyor. Baz\u0131lar\u0131 sevdikleri \u015fark\u0131lar\u0131 akustik gitarda \u00e7almak isterken, kimi \u00f6\u011frenci ise m\u00fczik gruplar\u0131nda bunu sahneye ta\u015f\u0131mak ister. Kimi \u00f6\u011frencide gitarda ger\u00e7ekten iyi bir enstr\u00fcmanist olmak ister. Derslerimizi seviyenize ve gitarda neler yapmak istedi\u011finize g\u00f6re bir program belirleyip, o y\u00f6nde ilerliyoruz.<br><br>\n\u0130\u015flenen dersin i\u00e7eri\u011fine g\u00f6re \u00e7al\u0131\u015fmalar\u0131n\u0131za yard\u0131mc\u0131 olacak d\u00f6k\u00fcmanlar\u0131 payla\u015f\u0131yorum.\nDersler boyunca gitar \u00fczerindeki t\u00fcm teknikleri \u00e7al\u0131\u015f\u0131yoruz. Teori \u00e7al\u0131\u015fmalar\u0131n\u0131 gitarda uygulamal\u0131 olarak yap\u0131yoruz. Do\u011fa\u00e7lama \u00fczerine \u00e7al\u0131\u015fmalarla birlikte repertuar \u015fark\u0131 \u00e7al\u0131\u015fmalar\u0131n\u0131 da derslerde yapmaktay\u0131z.<br><br>\n<b>Derse kat\u0131lmak i\u00e7in gerekenler;<\/b><br>\n\u2022Yeterli bir internet ba\u011flant\u0131n\u0131z<br>\n\u2022Gitar\u0131n\u0131z<br>\n\u2022Web kameras\u0131, mikrofon ve kulakl\u0131k<br>\n\u2022Skype veya Zoom uygulamas\u0131<br><br>\n<a href=\"https:\/\/ozguraytekin.net\/tr\/iletisim\/\">\u0130leti\u015fim formunu<\/a> kullanarak uygun ders saatleri hakk\u0131nda bilgi alabilir, \u00f6deme bildirimi yapabilir veya merak etti\u011finiz konular hakk\u0131nda yazabilirsiniz.<\/font>\n<\/font><\/p><\/div>\n","protected":false},"excerpt":{"rendered":"<p>ONL\u0130NE G\u0130TAR DERSLER\u0130N\u0130 NASIL YAPIYORUZ? \u00d6\u011fretmen arac\u0131l\u0131\u011f\u0131yla gitar dersi almak, neyi ne zaman ve nas\u0131l uygulayaca\u011f\u0131n\u0131z\u0131 anlamak i\u00e7in iyi bir yoldur. Yakla\u015f\u0131k 30 y\u0131ld\u0131r gitar \u00e7al\u0131yorum. Ba\u015flang\u0131\u00e7 seviyesinden orta ve ileri seviye \u00f6\u011frencilerine ve her ya\u015f grubundan \u00f6\u011frencilere ders vermekteyim.&#8230; <a class=\"di-continue-reading\" href=\"https:\/\/ozguraytekin.net\/tr\/online-gitar-dersi\/\"> Continue Reading&#8230;<\/a><\/p>\n","protected":false},"author":1,"featured_media":0,"parent":0,"menu_order":0,"comment_status":"closed","ping_status":"closed","template":"","meta":{"footnotes":""},"yoast_head":"<!-- This site is optimized with the Yoast SEO plugin v21.5 - https:\/\/yoast.com\/wordpress\/plugins\/seo\/ -->\n<title>Online Gitar Dersleri - \u00d6zg\u00fcr Aytekin<\/title>\n<meta name=\"description\" content=\"Online gitar dersi\" \/>\n<meta name=\"robots\" content=\"index, follow, max-snippet:-1, max-image-preview:large, max-video-preview:-1\" \/>\n<link rel=\"canonical\" href=\"https:\/\/ozguraytekin.net\/tr\/online-gitar-dersi\/\" \/>\n<meta property=\"og:locale\" content=\"tr_TR\" \/>\n<meta property=\"og:type\" content=\"article\" \/>\n<meta property=\"og:title\" content=\"Online Gitar Dersleri - \u00d6zg\u00fcr Aytekin\" \/>\n<meta property=\"og:description\" content=\"Online gitar dersi\" \/>\n<meta property=\"og:url\" content=\"https:\/\/ozguraytekin.net\/tr\/online-gitar-dersi\/\" \/>\n<meta property=\"og:site_name\" content=\"\u00d6zg\u00fcr Aytekin\" \/>\n<meta property=\"article:modified_time\" content=\"2025-01-27T20:05:38+00:00\" \/>\n<meta name=\"twitter:card\" content=\"summary_large_image\" \/>\n<meta name=\"twitter:label1\" content=\"Tahmini okuma s\u00fcresi\" \/>\n\t<meta name=\"twitter:data1\" content=\"1 dakika\" \/>\n<script type=\"application\/ld+json\" class=\"yoast-schema-graph\">{\"@context\":\"https:\/\/schema.org\",\"@graph\":[{\"@type\":\"WebPage\",\"@id\":\"https:\/\/ozguraytekin.net\/tr\/online-gitar-dersi\/\",\"url\":\"https:\/\/ozguraytekin.net\/tr\/online-gitar-dersi\/\",\"name\":\"Online Gitar Dersleri - \u00d6zg\u00fcr Aytekin\",\"isPartOf\":{\"@id\":\"https:\/\/ozguraytekin.net\/tr\/#website\"},\"datePublished\":\"2021-05-20T18:36:45+00:00\",\"dateModified\":\"2025-01-27T20:05:38+00:00\",\"description\":\"Online gitar dersi\",\"breadcrumb\":{\"@id\":\"https:\/\/ozguraytekin.net\/tr\/online-gitar-dersi\/#breadcrumb\"},\"inLanguage\":\"tr\",\"potentialAction\":[{\"@type\":\"ReadAction\",\"target\":[\"https:\/\/ozguraytekin.net\/tr\/online-gitar-dersi\/\"]}]},{\"@type\":\"BreadcrumbList\",\"@id\":\"https:\/\/ozguraytekin.net\/tr\/online-gitar-dersi\/#breadcrumb\",\"itemListElement\":[{\"@type\":\"ListItem\",\"position\":1,\"name\":\"Anasayfa\",\"item\":\"https:\/\/ozguraytekin.net\/tr\/\"},{\"@type\":\"ListItem\",\"position\":2,\"name\":\"Online Gitar Dersleri\"}]},{\"@type\":\"WebSite\",\"@id\":\"https:\/\/ozguraytekin.net\/tr\/#website\",\"url\":\"https:\/\/ozguraytekin.net\/tr\/\",\"name\":\"\u00d6zg\u00fcr Aytekin\",\"description\":\"Gitarist &amp; M\u00fczisyen\",\"publisher\":{\"@id\":\"https:\/\/ozguraytekin.net\/tr\/#\/schema\/person\/e241b6aef4f5153bdd073dc5d00bf7e8\"},\"potentialAction\":[{\"@type\":\"SearchAction\",\"target\":{\"@type\":\"EntryPoint\",\"urlTemplate\":\"https:\/\/ozguraytekin.net\/tr\/?s={search_term_string}\"},\"query-input\":\"required name=search_term_string\"}],\"inLanguage\":\"tr\"},{\"@type\":[\"Person\",\"Organization\"],\"@id\":\"https:\/\/ozguraytekin.net\/tr\/#\/schema\/person\/e241b6aef4f5153bdd073dc5d00bf7e8\",\"name\":\"\u00d6zg\u00fcr Aytekin\",\"image\":{\"@type\":\"ImageObject\",\"inLanguage\":\"tr\",\"@id\":\"https:\/\/ozguraytekin.net\/tr\/#\/schema\/person\/image\/\",\"url\":\"https:\/\/ozguraytekin.net\/tr\/wp-content\/uploads\/2021\/05\/icontr.jpg\",\"contentUrl\":\"https:\/\/ozguraytekin.net\/tr\/wp-content\/uploads\/2021\/05\/icontr.jpg\",\"width\":512,\"height\":171,\"caption\":\"\u00d6zg\u00fcr Aytekin\"},\"logo\":{\"@id\":\"https:\/\/ozguraytekin.net\/tr\/#\/schema\/person\/image\/\"},\"sameAs\":[\"https:\/\/ozguraytekin.net\/tr\",\"http:\/\/www.instagram.com\/ozguraytekinguitar\"]}]}<\/script>\n<!-- \/ Yoast SEO plugin. -->","yoast_head_json":{"title":"Online Gitar Dersleri - \u00d6zg\u00fcr Aytekin","description":"Online gitar dersi","robots":{"index":"index","follow":"follow","max-snippet":"max-snippet:-1","max-image-preview":"max-image-preview:large","max-video-preview":"max-video-preview:-1"},"canonical":"https:\/\/ozguraytekin.net\/tr\/online-gitar-dersi\/","og_locale":"tr_TR","og_type":"article","og_title":"Online Gitar Dersleri - \u00d6zg\u00fcr Aytekin","og_description":"Online gitar dersi","og_url":"https:\/\/ozguraytekin.net\/tr\/online-gitar-dersi\/","og_site_name":"\u00d6zg\u00fcr Aytekin","article_modified_time":"2025-01-27T20:05:38+00:00","twitter_card":"summary_large_image","twitter_misc":{"Tahmini okuma s\u00fcresi":"1 dakika"},"schema":{"@context":"https:\/\/schema.org","@graph":[{"@type":"WebPage","@id":"https:\/\/ozguraytekin.net\/tr\/online-gitar-dersi\/","url":"https:\/\/ozguraytekin.net\/tr\/online-gitar-dersi\/","name":"Online Gitar Dersleri - \u00d6zg\u00fcr Aytekin","isPartOf":{"@id":"https:\/\/ozguraytekin.net\/tr\/#website"},"datePublished":"2021-05-20T18:36:45+00:00","dateModified":"2025-01-27T20:05:38+00:00","description":"Online gitar dersi","breadcrumb":{"@id":"https:\/\/ozguraytekin.net\/tr\/online-gitar-dersi\/#breadcrumb"},"inLanguage":"tr","potentialAction":[{"@type":"ReadAction","target":["https:\/\/ozguraytekin.net\/tr\/online-gitar-dersi\/"]}]},{"@type":"BreadcrumbList","@id":"https:\/\/ozguraytekin.net\/tr\/online-gitar-dersi\/#breadcrumb","itemListElement":[{"@type":"ListItem","position":1,"name":"Anasayfa","item":"https:\/\/ozguraytekin.net\/tr\/"},{"@type":"ListItem","position":2,"name":"Online Gitar Dersleri"}]},{"@type":"WebSite","@id":"https:\/\/ozguraytekin.net\/tr\/#website","url":"https:\/\/ozguraytekin.net\/tr\/","name":"\u00d6zg\u00fcr Aytekin","description":"Gitarist &amp; M\u00fczisyen","publisher":{"@id":"https:\/\/ozguraytekin.net\/tr\/#\/schema\/person\/e241b6aef4f5153bdd073dc5d00bf7e8"},"potentialAction":[{"@type":"SearchAction","target":{"@type":"EntryPoint","urlTemplate":"https:\/\/ozguraytekin.net\/tr\/?s={search_term_string}"},"query-input":"required name=search_term_string"}],"inLanguage":"tr"},{"@type":["Person","Organization"],"@id":"https:\/\/ozguraytekin.net\/tr\/#\/schema\/person\/e241b6aef4f5153bdd073dc5d00bf7e8","name":"\u00d6zg\u00fcr Aytekin","image":{"@type":"ImageObject","inLanguage":"tr","@id":"https:\/\/ozguraytekin.net\/tr\/#\/schema\/person\/image\/","url":"https:\/\/ozguraytekin.net\/tr\/wp-content\/uploads\/2021\/05\/icontr.jpg","contentUrl":"https:\/\/ozguraytekin.net\/tr\/wp-content\/uploads\/2021\/05\/icontr.jpg","width":512,"height":171,"caption":"\u00d6zg\u00fcr Aytekin"},"logo":{"@id":"https:\/\/ozguraytekin.net\/tr\/#\/schema\/person\/image\/"},"sameAs":["https:\/\/ozguraytekin.net\/tr","http:\/\/www.instagram.com\/ozguraytekinguitar"]}]}},"_links":{"self":[{"href":"https:\/\/ozguraytekin.net\/tr\/wp-json\/wp\/v2\/pages\/54"}],"collection":[{"href":"https:\/\/ozguraytekin.net\/tr\/wp-json\/wp\/v2\/pages"}],"about":[{"href":"https:\/\/ozguraytekin.net\/tr\/wp-json\/wp\/v2\/types\/page"}],"author":[{"embeddable":true,"href":"https:\/\/ozguraytekin.net\/tr\/wp-json\/wp\/v2\/users\/1"}],"replies":[{"embeddable":true,"href":"https:\/\/ozguraytekin.net\/tr\/wp-json\/wp\/v2\/comments?post=54"}],"version-history":[{"count":29,"href":"https:\/\/ozguraytekin.net\/tr\/wp-json\/wp\/v2\/pages\/54\/revisions"}],"predecessor-version":[{"id":160,"href":"https:\/\/ozguraytekin.net\/tr\/wp-json\/wp\/v2\/pages\/54\/revisions\/160"}],"wp:attachment":[{"href":"https:\/\/ozguraytekin.net\/tr\/wp-json\/wp\/v2\/media?parent=54"}],"curies":[{"name":"wp","href":"https:\/\/api.w.org\/{rel}","templated":true}]}}